{"id":2565,"date":"2022-05-05T16:26:54","date_gmt":"2022-05-05T14:26:54","guid":{"rendered":"https:\/\/chezgervais.fr\/?page_id=2565"},"modified":"2022-05-06T17:30:33","modified_gmt":"2022-05-06T15:30:33","slug":"history","status":"publish","type":"page","link":"https:\/\/chezgervais.fr\/en\/history\/","title":{"rendered":"History"},"content":{"rendered":"<p><img loading=\"lazy\" decoding=\"async\" class=\"alignleft size-medium wp-image-220\" src=\"http:\/\/chezgervais.fr\/admin\/wp-content\/uploads\/chez-gervais-auberge-300x300.jpg\" alt=\"chez-gervais-auberge\" width=\"300\" height=\"300\" srcset=\"https:\/\/chezgervais.fr\/admin\/wp-content\/uploads\/chez-gervais-auberge-300x300.jpg 300w, https:\/\/chezgervais.fr\/admin\/wp-content\/uploads\/chez-gervais-auberge-150x150.jpg 150w, https:\/\/chezgervais.fr\/admin\/wp-content\/uploads\/chez-gervais-auberge.jpg 480w\" sizes=\"auto, (max-width: 300px) 100vw, 300px\" \/><span data-sheets-value=\"{&quot;1&quot;:2,&quot;2&quot;:&quot;The legacy is important, the house is rich in History and with stories.&quot;}\" data-sheets-userformat=\"{&quot;2&quot;:33555201,&quot;3&quot;:{&quot;1&quot;:0},&quot;11&quot;:4,&quot;12&quot;:0,&quot;28&quot;:1}\">The legacy is important, the house is rich in History and with stories.<\/span><\/p>\n<p>Here several generations of the family feasted the region with great care and simplicity. All met up here, people from the village, but also from the country and more.<\/p>\n<p><span data-sheets-value=\"{&quot;1&quot;:2,&quot;2&quot;:&quot;Charles Ritz, artist and fisherman, was a very regular tenant of the hostel. In fact it's in his home institution in Place Vend\u00f4me, Paris where Michel Gervais, last one in the familly to cook at the stove, studied as a sauce cook. With Mister Ritz in the place, the cooking had to be perfect, and authentic, what the family has always nicely recited. With him, the greatest fishermen came frequently, both at the table and on the river. They came from everywhere, and met there, as soon as small gray flies covered the surface of the water.&quot;}\" data-sheets-userformat=\"{&quot;2&quot;:33555201,&quot;3&quot;:{&quot;1&quot;:0},&quot;11&quot;:4,&quot;12&quot;:0,&quot;28&quot;:1}\">Charles Ritz, artist and fisherman, was a very regular tenant of the hostel. In fact it&#8217;s in his home institution in Place Vend\u00f4me, Paris where Michel Gervais, last one in the familly to cook at the stove, studied as a sauce cook. With Mister Ritz in the place, the cooking had to be perfect, and authentic, what the family has always nicely recited. With him, the greatest fishermen came frequently, both at the table and on the river. They came from everywhere, and met there, as soon as small gray flies covered the surface of the water.<\/span><\/p>\n<p><span data-sheets-value=\"{&quot;1&quot;:2,&quot;2&quot;:&quot;This cuisine and this generosity had many followers : Edgar Faure, the man who who loved more his country than anybody else, was a permanent guest.&quot;}\" data-sheets-userformat=\"{&quot;2&quot;:33555201,&quot;3&quot;:{&quot;1&quot;:0},&quot;11&quot;:4,&quot;12&quot;:0,&quot;28&quot;:1}\">This cuisine and this generosity had many followers : Edgar Faure, the man who who loved more his country than anybody else, was a permanent guest.<\/span><\/p>\n<p><span data-sheets-value=\"{&quot;1&quot;:2,&quot;2&quot;:&quot;Today, the place returns to its former grandeur, some stories musn't stop on a twist of fate.&quot;}\" data-sheets-userformat=\"{&quot;2&quot;:33555201,&quot;3&quot;:{&quot;1&quot;:0},&quot;11&quot;:4,&quot;12&quot;:0,&quot;28&quot;:1}\">Today, the place returns to its former grandeur, some stories musn&#8217;t stop on a twist of fate.<\/span><\/p>\n<figure id=\"attachment_552\" aria-describedby=\"caption-attachment-552\" style=\"width: 660px\" class=\"wp-caption aligncenter\"><img loading=\"lazy\" decoding=\"async\" class=\"size-large wp-image-552\" src=\"http:\/\/chezgervais.fr\/admin\/wp-content\/uploads\/img-5027-e1472025715645-1024x768.jpg\" alt=\"la famille et les personnels de l'auberge en 60. Une Auberge comme la n\u00f4tre faisait vivre directement et indirectement beaucoup de monde.. Les normes, la fiscalit\u00e9 , les taxes , les charges.. Toutes les maisons familiales ont quasi disparues. Et maintenant ces gens n'ont plus de travail et la collectivit\u00e9 les indemnise pour ne rien faire et pour d\u00e9sesp\u00e9rer .. Pauvre de nous.\" width=\"660\" height=\"495\" srcset=\"https:\/\/chezgervais.fr\/admin\/wp-content\/uploads\/img-5027-e1472025715645-1024x768.jpg 1024w, https:\/\/chezgervais.fr\/admin\/wp-content\/uploads\/img-5027-e1472025715645-300x225.jpg 300w, https:\/\/chezgervais.fr\/admin\/wp-content\/uploads\/img-5027-e1472025715645-768x576.jpg 768w, https:\/\/chezgervais.fr\/admin\/wp-content\/uploads\/img-5027-e1472025715645-1800x1350.jpg 1800w, https:\/\/chezgervais.fr\/admin\/wp-content\/uploads\/img-5027-e1472025715645-1280x960.jpg 1280w\" sizes=\"auto, (max-width: 660px) 100vw, 660px\" \/><figcaption id=\"caption-attachment-552\" class=\"wp-caption-text\"><span data-sheets-value=\"{&quot;1&quot;:2,&quot;2&quot;:&quot;Family photo in 1960.&quot;}\" data-sheets-userformat=\"{&quot;2&quot;:33555201,&quot;3&quot;:{&quot;1&quot;:0},&quot;11&quot;:4,&quot;12&quot;:0,&quot;28&quot;:1}\">Family photo in 1960.<\/span><\/figcaption><\/figure>\n<p><span data-sheets-value=\"{&quot;1&quot;:2,&quot;2&quot;:&quot;The facility got a makeover, achieving some renovation work such as roofing, fireplace, heating system, insulation, floor as well as the terasse tarpaulins. We wanted to thank the region for the grant awarded.&quot;}\" data-sheets-userformat=\"{&quot;2&quot;:33555201,&quot;3&quot;:{&quot;1&quot;:0},&quot;11&quot;:4,&quot;12&quot;:0,&quot;28&quot;:1}\">The facility got a makeover, achieving some renovation work such as roofing, fireplace, heating system, insulation, floor as well as the terasse tarpaulins. We wanted to thank the region for the grant awarded.<\/span><\/p>\n<p><img loading=\"lazy\" decoding=\"async\" class=\"size-medium wp-image-2469 aligncenter\" src=\"https:\/\/chezgervais.fr\/admin\/wp-content\/uploads\/regbfc-logo-cartouche-edition-cmjn-298x300.jpg\" alt=\"RegBFC Logo Cartouche edition CMJN\" width=\"298\" height=\"300\" srcset=\"https:\/\/chezgervais.fr\/admin\/wp-content\/uploads\/regbfc-logo-cartouche-edition-cmjn-298x300.jpg 298w, https:\/\/chezgervais.fr\/admin\/wp-content\/uploads\/regbfc-logo-cartouche-edition-cmjn-1018x1024.jpg 1018w, https:\/\/chezgervais.fr\/admin\/wp-content\/uploads\/regbfc-logo-cartouche-edition-cmjn-150x150.jpg 150w, https:\/\/chezgervais.fr\/admin\/wp-content\/uploads\/regbfc-logo-cartouche-edition-cmjn-80x80.jpg 80w, https:\/\/chezgervais.fr\/admin\/wp-content\/uploads\/regbfc-logo-cartouche-edition-cmjn-1527x1536.jpg 1527w, https:\/\/chezgervais.fr\/admin\/wp-content\/uploads\/regbfc-logo-cartouche-edition-cmjn-768x773.jpg 768w, https:\/\/chezgervais.fr\/admin\/wp-content\/uploads\/regbfc-logo-cartouche-edition-cmjn-2035x2048.jpg 2035w, https:\/\/chezgervais.fr\/admin\/wp-content\/uploads\/regbfc-logo-cartouche-edition-cmjn-954x960.jpg 954w, https:\/\/chezgervais.fr\/admin\/wp-content\/uploads\/regbfc-logo-cartouche-edition-cmjn-1800x1811.jpg 1800w\" sizes=\"auto, (max-width: 298px) 100vw, 298px\" \/><\/p>\n","protected":false},"excerpt":{"rendered":"<p>The legacy is important, the house is rich in History and with stories. Here several generations of the family feasted the region with great care and simplicity. All met up here, people from the village, but also from the country and more. Charles Ritz, artist and fisherman, was a very regular tenant of the hostel. &hellip; <a href=\"https:\/\/chezgervais.fr\/en\/history\/\" class=\"more-link\">Continue reading <span class=\"screen-reader-text\">History<\/span><\/a><\/p>\n","protected":false},"author":1,"featured_media":0,"parent":0,"menu_order":0,"comment_status":"closed","ping_status":"closed","template":"","meta":{"_acf_changed":false,"footnotes":""},"class_list":["post-2565","page","type-page","status-publish","hentry"],"acf":[],"yoast_head":"<!-- This site is optimized with the Yoast SEO plugin v27.2 - https:\/\/yoast.com\/product\/yoast-seo-wordpress\/ -->\n<title>History - CHEZ GERVAIS<\/title>\n<meta name=\"robots\" content=\"index, follow, max-snippet:-1, max-image-preview:large, max-video-preview:-1\" \/>\n<link rel=\"canonical\" href=\"https:\/\/chezgervais.fr\/en\/history\/\" \/>\n<meta property=\"og:locale\" content=\"en_US\" \/>\n<meta property=\"og:type\" content=\"article\" \/>\n<meta property=\"og:title\" content=\"History - CHEZ GERVAIS\" \/>\n<meta property=\"og:description\" content=\"The legacy is important, the house is rich in History and with stories. Here several generations of the family feasted the region with great care and simplicity. All met up here, people from the village, but also from the country and more. Charles Ritz, artist and fisherman, was a very regular tenant of the hostel. &hellip; Continue reading History\" \/>\n<meta property=\"og:url\" content=\"https:\/\/chezgervais.fr\/en\/history\/\" \/>\n<meta property=\"og:site_name\" content=\"CHEZ GERVAIS\" \/>\n<meta property=\"article:modified_time\" content=\"2022-05-06T15:30:33+00:00\" \/>\n<meta property=\"og:image\" content=\"http:\/\/chezgervais.fr\/admin\/wp-content\/uploads\/chez-gervais-auberge-300x300.jpg\" \/>\n<meta name=\"twitter:card\" content=\"summary_large_image\" \/>\n<meta name=\"twitter:label1\" content=\"Est. reading time\" \/>\n\t<meta name=\"twitter:data1\" content=\"2 minutes\" \/>\n<script type=\"application\/ld+json\" class=\"yoast-schema-graph\">{\"@context\":\"https:\/\/schema.org\",\"@graph\":[{\"@type\":\"WebPage\",\"@id\":\"https:\/\/chezgervais.fr\/en\/history\/\",\"url\":\"https:\/\/chezgervais.fr\/en\/history\/\",\"name\":\"History - CHEZ GERVAIS\",\"isPartOf\":{\"@id\":\"https:\/\/chezgervais.fr\/#website\"},\"primaryImageOfPage\":{\"@id\":\"https:\/\/chezgervais.fr\/en\/history\/#primaryimage\"},\"image\":{\"@id\":\"https:\/\/chezgervais.fr\/en\/history\/#primaryimage\"},\"thumbnailUrl\":\"http:\/\/chezgervais.fr\/admin\/wp-content\/uploads\/chez-gervais-auberge-300x300.jpg\",\"datePublished\":\"2022-05-05T14:26:54+00:00\",\"dateModified\":\"2022-05-06T15:30:33+00:00\",\"breadcrumb\":{\"@id\":\"https:\/\/chezgervais.fr\/en\/history\/#breadcrumb\"},\"inLanguage\":\"en-US\",\"potentialAction\":[{\"@type\":\"ReadAction\",\"target\":[\"https:\/\/chezgervais.fr\/en\/history\/\"]}]},{\"@type\":\"ImageObject\",\"inLanguage\":\"en-US\",\"@id\":\"https:\/\/chezgervais.fr\/en\/history\/#primaryimage\",\"url\":\"http:\/\/chezgervais.fr\/admin\/wp-content\/uploads\/chez-gervais-auberge-300x300.jpg\",\"contentUrl\":\"http:\/\/chezgervais.fr\/admin\/wp-content\/uploads\/chez-gervais-auberge-300x300.jpg\"},{\"@type\":\"BreadcrumbList\",\"@id\":\"https:\/\/chezgervais.fr\/en\/history\/#breadcrumb\",\"itemListElement\":[{\"@type\":\"ListItem\",\"position\":1,\"name\":\"Accueil\",\"item\":\"https:\/\/chezgervais.fr\/en\/home\/\"},{\"@type\":\"ListItem\",\"position\":2,\"name\":\"History\"}]},{\"@type\":\"WebSite\",\"@id\":\"https:\/\/chezgervais.fr\/#website\",\"url\":\"https:\/\/chezgervais.fr\/\",\"name\":\"CHEZ GERVAIS\",\"description\":\"Hotel*** - Restaurant - Terrace by the river - Chenecey-Buillon\",\"potentialAction\":[{\"@type\":\"SearchAction\",\"target\":{\"@type\":\"EntryPoint\",\"urlTemplate\":\"https:\/\/chezgervais.fr\/?s={search_term_string}\"},\"query-input\":{\"@type\":\"PropertyValueSpecification\",\"valueRequired\":true,\"valueName\":\"search_term_string\"}}],\"inLanguage\":\"en-US\"}]}<\/script>\n<!-- \/ Yoast SEO plugin. -->","yoast_head_json":{"title":"History - CHEZ GERVAIS","robots":{"index":"index","follow":"follow","max-snippet":"max-snippet:-1","max-image-preview":"max-image-preview:large","max-video-preview":"max-video-preview:-1"},"canonical":"https:\/\/chezgervais.fr\/en\/history\/","og_locale":"en_US","og_type":"article","og_title":"History - CHEZ GERVAIS","og_description":"The legacy is important, the house is rich in History and with stories. Here several generations of the family feasted the region with great care and simplicity. All met up here, people from the village, but also from the country and more. Charles Ritz, artist and fisherman, was a very regular tenant of the hostel. &hellip; Continue reading History","og_url":"https:\/\/chezgervais.fr\/en\/history\/","og_site_name":"CHEZ GERVAIS","article_modified_time":"2022-05-06T15:30:33+00:00","og_image":[{"url":"http:\/\/chezgervais.fr\/admin\/wp-content\/uploads\/chez-gervais-auberge-300x300.jpg","type":"","width":"","height":""}],"twitter_card":"summary_large_image","twitter_misc":{"Est. reading time":"2 minutes"},"schema":{"@context":"https:\/\/schema.org","@graph":[{"@type":"WebPage","@id":"https:\/\/chezgervais.fr\/en\/history\/","url":"https:\/\/chezgervais.fr\/en\/history\/","name":"History - CHEZ GERVAIS","isPartOf":{"@id":"https:\/\/chezgervais.fr\/#website"},"primaryImageOfPage":{"@id":"https:\/\/chezgervais.fr\/en\/history\/#primaryimage"},"image":{"@id":"https:\/\/chezgervais.fr\/en\/history\/#primaryimage"},"thumbnailUrl":"http:\/\/chezgervais.fr\/admin\/wp-content\/uploads\/chez-gervais-auberge-300x300.jpg","datePublished":"2022-05-05T14:26:54+00:00","dateModified":"2022-05-06T15:30:33+00:00","breadcrumb":{"@id":"https:\/\/chezgervais.fr\/en\/history\/#breadcrumb"},"inLanguage":"en-US","potentialAction":[{"@type":"ReadAction","target":["https:\/\/chezgervais.fr\/en\/history\/"]}]},{"@type":"ImageObject","inLanguage":"en-US","@id":"https:\/\/chezgervais.fr\/en\/history\/#primaryimage","url":"http:\/\/chezgervais.fr\/admin\/wp-content\/uploads\/chez-gervais-auberge-300x300.jpg","contentUrl":"http:\/\/chezgervais.fr\/admin\/wp-content\/uploads\/chez-gervais-auberge-300x300.jpg"},{"@type":"BreadcrumbList","@id":"https:\/\/chezgervais.fr\/en\/history\/#breadcrumb","itemListElement":[{"@type":"ListItem","position":1,"name":"Accueil","item":"https:\/\/chezgervais.fr\/en\/home\/"},{"@type":"ListItem","position":2,"name":"History"}]},{"@type":"WebSite","@id":"https:\/\/chezgervais.fr\/#website","url":"https:\/\/chezgervais.fr\/","name":"CHEZ GERVAIS","description":"Hotel*** - Restaurant - Terrace by the river - Chenecey-Buillon","potentialAction":[{"@type":"SearchAction","target":{"@type":"EntryPoint","urlTemplate":"https:\/\/chezgervais.fr\/?s={search_term_string}"},"query-input":{"@type":"PropertyValueSpecification","valueRequired":true,"valueName":"search_term_string"}}],"inLanguage":"en-US"}]}},"_links":{"self":[{"href":"https:\/\/chezgervais.fr\/en\/wp-json\/wp\/v2\/pages\/2565","targetHints":{"allow":["GET"]}}],"collection":[{"href":"https:\/\/chezgervais.fr\/en\/wp-json\/wp\/v2\/pages"}],"about":[{"href":"https:\/\/chezgervais.fr\/en\/wp-json\/wp\/v2\/types\/page"}],"author":[{"embeddable":true,"href":"https:\/\/chezgervais.fr\/en\/wp-json\/wp\/v2\/users\/1"}],"replies":[{"embeddable":true,"href":"https:\/\/chezgervais.fr\/en\/wp-json\/wp\/v2\/comments?post=2565"}],"version-history":[{"count":3,"href":"https:\/\/chezgervais.fr\/en\/wp-json\/wp\/v2\/pages\/2565\/revisions"}],"predecessor-version":[{"id":2681,"href":"https:\/\/chezgervais.fr\/en\/wp-json\/wp\/v2\/pages\/2565\/revisions\/2681"}],"wp:attachment":[{"href":"https:\/\/chezgervais.fr\/en\/wp-json\/wp\/v2\/media?parent=2565"}],"curies":[{"name":"wp","href":"https:\/\/api.w.org\/{rel}","templated":true}]}}