{"id":2608,"date":"2022-05-05T16:50:35","date_gmt":"2022-05-05T14:50:35","guid":{"rendered":"https:\/\/chezgervais.fr\/?page_id=2608"},"modified":"2022-05-06T18:09:53","modified_gmt":"2022-05-06T16:09:53","slug":"tourism","status":"publish","type":"page","link":"https:\/\/chezgervais.fr\/en\/tourism\/","title":{"rendered":"Tourism"},"content":{"rendered":"<ul>\n<li><a href=\"http:\/\/www.golfbesancon.com\" target=\"_blank\" rel=\"noopener noreferrer\">Golf international de la Chevillotte<\/a>. 18 trous. Sur r\u00e9servation. 20 minutes, 20 km<\/li>\n<li><a href=\"http:\/\/www.aeroclub-besancon.fr\/\" target=\"_blank\" rel=\"noopener noreferrer\">Aeroclub de la V\u00e8ze<\/a>. 16 km, 17 minutes<\/li>\n<li>Club Hippique. 5 min<\/li>\n<li><a href=\"http:\/\/www.salineroyale.com\/\" target=\"_blank\" rel=\"noopener noreferrer\">Salines d\u2019Arc et Senans<\/a> par Ledoux 1774.\u00a025 min<\/li>\n<li><a href=\"http:\/\/www2.doubs.fr\/courbet\/\" target=\"_blank\" rel=\"noopener noreferrer\">Ornans mus\u00e9e Courbet<\/a>.\u00a020 min<\/li>\n<li><a href=\"http:\/\/www.ornans-loue-lison.com\/activites\/eau\/canoe.html\" target=\"_blank\" rel=\"noopener noreferrer\">Descente de la Loue en Kayak<\/a><\/li>\n<li><a href=\"http:\/\/www.arbois.com\/\" target=\"_blank\" rel=\"noopener noreferrer\">Arbois<\/a>, <a href=\"http:\/\/pupillin.arbois.com\/\" target=\"_blank\" rel=\"noopener noreferrer\">Pupillin<\/a>, visite des caves, visite des fruiti\u00e8res.\u00a025 min<\/li>\n<li><a href=\"http:\/\/www.franche-comte.org\/offre\/fiche\/source-de-la-loue\/337000129\" target=\"_blank\" rel=\"noopener noreferrer\">Source de la Loue<\/a>.\u00a045 min<\/li>\n<li><a href=\"http:\/\/www.franche-comte.org\/offre\/fiche\/source-du-lison\/345000425\">Source du Lison<\/a>. 30 min<\/li>\n<li>Marche, excursions en for\u00eat, v\u00e9lo<\/li>\n<li><a href=\"http:\/\/www.mdt.besancon.fr\" target=\"_blank\" rel=\"noopener noreferrer\">Le Mus\u00e9e du temps \u00e0 Besan\u00e7on<\/a>. 20 min<\/li>\n<li><a href=\"http:\/\/www.mbaa.besancon.fr\/\" target=\"_blank\" rel=\"noopener noreferrer\">Le Mus\u00e9e des Beaux Arts, Besan\u00e7on<\/a>. 20 min<\/li>\n<li><a href=\"http:\/\/www.citadelle.com\/fr\/\" target=\"_blank\" rel=\"noopener noreferrer\">La Citadelle Vauban . Besan\u00e7on,<\/a> 20 min<\/li>\n<li><a href=\"http:\/\/www.salinesdesalins.com\/\" target=\"_blank\" rel=\"noopener noreferrer\">Le Mus\u00e9e du sel \u00e0 Salin les Bains<\/a>. 20 min<\/li>\n<li><a href=\"http:\/\/grottes.osselle.free.fr\/\" target=\"_blank\" rel=\"noopener noreferrer\">Les grottes d\u2019Osselle<\/a>. 20 min<\/li>\n<li><a href=\"http:\/\/www.musees-franchecomte.com\/index.php?p=350\" target=\"_blank\" rel=\"noopener noreferrer\">Les Taillanderie \u00e0 Nans sous Sainte Anne<\/a>. 25 min<\/li>\n<li><a href=\"https:\/\/fr.wikipedia.org\/wiki\/Vouivre\" target=\"_blank\" rel=\"noopener noreferrer\">La Vouivre<\/a><\/li>\n<\/ul>\n<p>The largest wyvern (VOUIVRE) in the world.<br \/>\n<span data-sheets-value=\"{&quot;1&quot;:2,&quot;2&quot;:&quot;This Celtic legend is very famous in the region. But its finest reproduction, the biggest one too, is a rather large original fresco directly painted on the wall of the Gervais bar... Realised in the 30s.&quot;}\" data-sheets-userformat=\"{&quot;2&quot;:33555201,&quot;3&quot;:{&quot;1&quot;:0},&quot;11&quot;:4,&quot;12&quot;:0,&quot;28&quot;:1}\">This Celtic legend is very famous in the region. But its finest reproduction, the biggest one too, is a rather large original fresco directly painted on the wall of the Gervais bar&#8230; Realised in the 30s.<\/span><br \/>\n<span data-sheets-value=\"{&quot;1&quot;:2,&quot;2&quot;:&quot;Recently restored, following significant deterioration due to water.&quot;}\" data-sheets-userformat=\"{&quot;2&quot;:33555201,&quot;3&quot;:{&quot;1&quot;:0},&quot;11&quot;:4,&quot;12&quot;:0,&quot;28&quot;:1}\">Recently restored, following significant deterioration due to water.<\/span><br \/>\n<span data-sheets-value=\"{&quot;1&quot;:2,&quot;2&quot;:&quot;A must see&quot;}\" data-sheets-userformat=\"{&quot;2&quot;:33555201,&quot;3&quot;:{&quot;1&quot;:0},&quot;11&quot;:4,&quot;12&quot;:0,&quot;28&quot;:1}\">A must see.<\/span><\/p>\n<p>&nbsp;<\/p>\n","protected":false},"excerpt":{"rendered":"<p>Golf international de la Chevillotte. 18 trous. Sur r\u00e9servation. 20 minutes, 20 km Aeroclub de la V\u00e8ze. 16 km, 17 minutes Club Hippique. 5 min Salines d\u2019Arc et Senans par Ledoux 1774.\u00a025 min Ornans mus\u00e9e Courbet.\u00a020 min Descente de la Loue en Kayak Arbois, Pupillin, visite des caves, visite des fruiti\u00e8res.\u00a025 min Source de la &hellip; <a href=\"https:\/\/chezgervais.fr\/en\/tourism\/\" class=\"more-link\">Continue reading <span class=\"screen-reader-text\">Tourism<\/span><\/a><\/p>\n","protected":false},"author":1,"featured_media":690,"parent":0,"menu_order":0,"comment_status":"closed","ping_status":"closed","template":"","meta":{"_acf_changed":false,"footnotes":""},"class_list":["post-2608","page","type-page","status-publish","has-post-thumbnail","hentry"],"acf":[],"yoast_head":"<!-- This site is optimized with the Yoast SEO plugin v27.2 - https:\/\/yoast.com\/product\/yoast-seo-wordpress\/ -->\n<title>Tourism - CHEZ GERVAIS<\/title>\n<meta name=\"robots\" content=\"index, follow, max-snippet:-1, max-image-preview:large, max-video-preview:-1\" \/>\n<link rel=\"canonical\" href=\"https:\/\/chezgervais.fr\/en\/tourism\/\" \/>\n<meta property=\"og:locale\" content=\"en_US\" \/>\n<meta property=\"og:type\" content=\"article\" \/>\n<meta property=\"og:title\" content=\"Tourism - CHEZ GERVAIS\" \/>\n<meta property=\"og:description\" content=\"Golf international de la Chevillotte. 18 trous. Sur r\u00e9servation. 20 minutes, 20 km Aeroclub de la V\u00e8ze. 16 km, 17 minutes Club Hippique. 5 min Salines d\u2019Arc et Senans par Ledoux 1774.\u00a025 min Ornans mus\u00e9e Courbet.\u00a020 min Descente de la Loue en Kayak Arbois, Pupillin, visite des caves, visite des fruiti\u00e8res.\u00a025 min Source de la &hellip; Continue reading Tourism\" \/>\n<meta property=\"og:url\" content=\"https:\/\/chezgervais.fr\/en\/tourism\/\" \/>\n<meta property=\"og:site_name\" content=\"CHEZ GERVAIS\" \/>\n<meta property=\"article:modified_time\" content=\"2022-05-06T16:09:53+00:00\" \/>\n<meta property=\"og:image\" content=\"https:\/\/chezgervais.fr\/admin\/wp-content\/uploads\/chez-gervais-auberge-chenecey-buillon.jpg\" \/>\n\t<meta property=\"og:image:width\" content=\"1600\" \/>\n\t<meta property=\"og:image:height\" content=\"900\" \/>\n\t<meta property=\"og:image:type\" content=\"image\/jpeg\" \/>\n<meta name=\"twitter:card\" content=\"summary_large_image\" \/>\n<meta name=\"twitter:label1\" content=\"Est. reading time\" \/>\n\t<meta name=\"twitter:data1\" content=\"1 minute\" \/>\n<script type=\"application\/ld+json\" class=\"yoast-schema-graph\">{\"@context\":\"https:\/\/schema.org\",\"@graph\":[{\"@type\":\"WebPage\",\"@id\":\"https:\/\/chezgervais.fr\/en\/tourism\/\",\"url\":\"https:\/\/chezgervais.fr\/en\/tourism\/\",\"name\":\"Tourism - CHEZ GERVAIS\",\"isPartOf\":{\"@id\":\"https:\/\/chezgervais.fr\/#website\"},\"primaryImageOfPage\":{\"@id\":\"https:\/\/chezgervais.fr\/en\/tourism\/#primaryimage\"},\"image\":{\"@id\":\"https:\/\/chezgervais.fr\/en\/tourism\/#primaryimage\"},\"thumbnailUrl\":\"https:\/\/chezgervais.fr\/admin\/wp-content\/uploads\/chez-gervais-auberge-chenecey-buillon.jpg\",\"datePublished\":\"2022-05-05T14:50:35+00:00\",\"dateModified\":\"2022-05-06T16:09:53+00:00\",\"breadcrumb\":{\"@id\":\"https:\/\/chezgervais.fr\/en\/tourism\/#breadcrumb\"},\"inLanguage\":\"en-US\",\"potentialAction\":[{\"@type\":\"ReadAction\",\"target\":[\"https:\/\/chezgervais.fr\/en\/tourism\/\"]}]},{\"@type\":\"ImageObject\",\"inLanguage\":\"en-US\",\"@id\":\"https:\/\/chezgervais.fr\/en\/tourism\/#primaryimage\",\"url\":\"https:\/\/chezgervais.fr\/admin\/wp-content\/uploads\/chez-gervais-auberge-chenecey-buillon.jpg\",\"contentUrl\":\"https:\/\/chezgervais.fr\/admin\/wp-content\/uploads\/chez-gervais-auberge-chenecey-buillon.jpg\",\"width\":1600,\"height\":900},{\"@type\":\"BreadcrumbList\",\"@id\":\"https:\/\/chezgervais.fr\/en\/tourism\/#breadcrumb\",\"itemListElement\":[{\"@type\":\"ListItem\",\"position\":1,\"name\":\"Accueil\",\"item\":\"https:\/\/chezgervais.fr\/en\/home\/\"},{\"@type\":\"ListItem\",\"position\":2,\"name\":\"Tourism\"}]},{\"@type\":\"WebSite\",\"@id\":\"https:\/\/chezgervais.fr\/#website\",\"url\":\"https:\/\/chezgervais.fr\/\",\"name\":\"CHEZ GERVAIS\",\"description\":\"Hotel*** - Restaurant - Terrace by the river - Chenecey-Buillon\",\"potentialAction\":[{\"@type\":\"SearchAction\",\"target\":{\"@type\":\"EntryPoint\",\"urlTemplate\":\"https:\/\/chezgervais.fr\/?s={search_term_string}\"},\"query-input\":{\"@type\":\"PropertyValueSpecification\",\"valueRequired\":true,\"valueName\":\"search_term_string\"}}],\"inLanguage\":\"en-US\"}]}<\/script>\n<!-- \/ Yoast SEO plugin. -->","yoast_head_json":{"title":"Tourism - CHEZ GERVAIS","robots":{"index":"index","follow":"follow","max-snippet":"max-snippet:-1","max-image-preview":"max-image-preview:large","max-video-preview":"max-video-preview:-1"},"canonical":"https:\/\/chezgervais.fr\/en\/tourism\/","og_locale":"en_US","og_type":"article","og_title":"Tourism - CHEZ GERVAIS","og_description":"Golf international de la Chevillotte. 18 trous. Sur r\u00e9servation. 20 minutes, 20 km Aeroclub de la V\u00e8ze. 16 km, 17 minutes Club Hippique. 5 min Salines d\u2019Arc et Senans par Ledoux 1774.\u00a025 min Ornans mus\u00e9e Courbet.\u00a020 min Descente de la Loue en Kayak Arbois, Pupillin, visite des caves, visite des fruiti\u00e8res.\u00a025 min Source de la &hellip; Continue reading Tourism","og_url":"https:\/\/chezgervais.fr\/en\/tourism\/","og_site_name":"CHEZ GERVAIS","article_modified_time":"2022-05-06T16:09:53+00:00","og_image":[{"width":1600,"height":900,"url":"https:\/\/chezgervais.fr\/admin\/wp-content\/uploads\/chez-gervais-auberge-chenecey-buillon.jpg","type":"image\/jpeg"}],"twitter_card":"summary_large_image","twitter_misc":{"Est. reading time":"1 minute"},"schema":{"@context":"https:\/\/schema.org","@graph":[{"@type":"WebPage","@id":"https:\/\/chezgervais.fr\/en\/tourism\/","url":"https:\/\/chezgervais.fr\/en\/tourism\/","name":"Tourism - CHEZ GERVAIS","isPartOf":{"@id":"https:\/\/chezgervais.fr\/#website"},"primaryImageOfPage":{"@id":"https:\/\/chezgervais.fr\/en\/tourism\/#primaryimage"},"image":{"@id":"https:\/\/chezgervais.fr\/en\/tourism\/#primaryimage"},"thumbnailUrl":"https:\/\/chezgervais.fr\/admin\/wp-content\/uploads\/chez-gervais-auberge-chenecey-buillon.jpg","datePublished":"2022-05-05T14:50:35+00:00","dateModified":"2022-05-06T16:09:53+00:00","breadcrumb":{"@id":"https:\/\/chezgervais.fr\/en\/tourism\/#breadcrumb"},"inLanguage":"en-US","potentialAction":[{"@type":"ReadAction","target":["https:\/\/chezgervais.fr\/en\/tourism\/"]}]},{"@type":"ImageObject","inLanguage":"en-US","@id":"https:\/\/chezgervais.fr\/en\/tourism\/#primaryimage","url":"https:\/\/chezgervais.fr\/admin\/wp-content\/uploads\/chez-gervais-auberge-chenecey-buillon.jpg","contentUrl":"https:\/\/chezgervais.fr\/admin\/wp-content\/uploads\/chez-gervais-auberge-chenecey-buillon.jpg","width":1600,"height":900},{"@type":"BreadcrumbList","@id":"https:\/\/chezgervais.fr\/en\/tourism\/#breadcrumb","itemListElement":[{"@type":"ListItem","position":1,"name":"Accueil","item":"https:\/\/chezgervais.fr\/en\/home\/"},{"@type":"ListItem","position":2,"name":"Tourism"}]},{"@type":"WebSite","@id":"https:\/\/chezgervais.fr\/#website","url":"https:\/\/chezgervais.fr\/","name":"CHEZ GERVAIS","description":"Hotel*** - Restaurant - Terrace by the river - Chenecey-Buillon","potentialAction":[{"@type":"SearchAction","target":{"@type":"EntryPoint","urlTemplate":"https:\/\/chezgervais.fr\/?s={search_term_string}"},"query-input":{"@type":"PropertyValueSpecification","valueRequired":true,"valueName":"search_term_string"}}],"inLanguage":"en-US"}]}},"_links":{"self":[{"href":"https:\/\/chezgervais.fr\/en\/wp-json\/wp\/v2\/pages\/2608","targetHints":{"allow":["GET"]}}],"collection":[{"href":"https:\/\/chezgervais.fr\/en\/wp-json\/wp\/v2\/pages"}],"about":[{"href":"https:\/\/chezgervais.fr\/en\/wp-json\/wp\/v2\/types\/page"}],"author":[{"embeddable":true,"href":"https:\/\/chezgervais.fr\/en\/wp-json\/wp\/v2\/users\/1"}],"replies":[{"embeddable":true,"href":"https:\/\/chezgervais.fr\/en\/wp-json\/wp\/v2\/comments?post=2608"}],"version-history":[{"count":4,"href":"https:\/\/chezgervais.fr\/en\/wp-json\/wp\/v2\/pages\/2608\/revisions"}],"predecessor-version":[{"id":2714,"href":"https:\/\/chezgervais.fr\/en\/wp-json\/wp\/v2\/pages\/2608\/revisions\/2714"}],"wp:featuredmedia":[{"embeddable":true,"href":"https:\/\/chezgervais.fr\/en\/wp-json\/wp\/v2\/media\/690"}],"wp:attachment":[{"href":"https:\/\/chezgervais.fr\/en\/wp-json\/wp\/v2\/media?parent=2608"}],"curies":[{"name":"wp","href":"https:\/\/api.w.org\/{rel}","templated":true}]}}